{"id":169,"date":"2020-09-08T15:34:39","date_gmt":"2020-09-08T14:34:39","guid":{"rendered":"https:\/\/dev.masdors.ch\/?page_id=169"},"modified":"2024-10-22T12:00:28","modified_gmt":"2024-10-22T11:00:28","slug":"contact","status":"publish","type":"page","link":"https:\/\/masdors.ch\/index.php\/contact\/","title":{"rendered":"Contact"},"content":{"rendered":"\n<p><br>Masdors s\u00e0rl   &#8211;    La Croix 6     &#8211;      1418 Vuarrens\u00a0<br>T\u00e9l\u00e9phone : +41 (0)78 888 08 83     &#8211;     Service technique: +41 (0)78 881 71 45\u00a0<br>Email:\u00a0<a href=\"mailto:info@masdors.ch\" target=\"_blank\" rel=\"noreferrer noopener\">info@masdors.ch<\/a>     &#8211;     Service technique: <a href=\"mas@masdors.ch\" target=\"_blank\" rel=\"noreferrer noopener\">mas@masdors.ch <\/a><\/p>\n\n\n\n<p><\/p>\n\n\n\n<p><a href=\"\/index.php\/revendeurs\/\" target=\"_blank\" rel=\"noreferrer noopener\">Liste de revendeurs<\/a> sp\u00e9cialis\u00e9 et\u00a0<strong>agr\u00e9e<\/strong>\u00a0pr\u00e8s de chez vous<\/p>\n\n\n\n<p>Comment nous trouver ?&nbsp;<br>Depuis Echallens suivre direction Yverdon pendant 3.6 km<\/p>\n\n\n\n<p>Rentrer \u00e0 Vuarrens jusqu\u2019au centre du village, a votre droite le restaurant.<\/p>\n\n\n\n<p>Tourner \u00e0 droite juste apr\u00e8s, 30m apr\u00e8s, premi\u00e8re route sur votre droite &#8211; La Croix 6 <br>Vous pouvez nous trouver sur la carte ci-dessous<\/p>\n\n\n\n<div class=\"wp-block-columns is-layout-flex wp-container-2\">\n<div class=\"wp-block-column is-layout-flow\" style=\"flex-basis:100%\">\n<pre class=\"wp-block-preformatted\"><\/pre>\n\n\n\n<figure class=\"wp-block-image size-full\"><img decoding=\"async\" loading=\"lazy\" width=\"679\" height=\"578\" src=\"https:\/\/masdors.ch\/wp-content\/uploads\/2024\/10\/Capture-decran-2024-10-22-125426.png\" alt=\"\" class=\"wp-image-21292\" srcset=\"https:\/\/masdors.ch\/wp-content\/uploads\/2024\/10\/Capture-decran-2024-10-22-125426.png 679w, https:\/\/masdors.ch\/wp-content\/uploads\/2024\/10\/Capture-decran-2024-10-22-125426-300x255.png 300w, https:\/\/masdors.ch\/wp-content\/uploads\/2024\/10\/Capture-decran-2024-10-22-125426-416x354.png 416w\" sizes=\"(max-width: 679px) 100vw, 679px\" \/><\/figure>\n<\/div>\n<\/div>\n\n\n\n<p><\/p>\n","protected":false},"excerpt":{"rendered":"<p>Masdors s\u00e0rl &#8211; La Croix 6 &#8211; 1418 Vuarrens\u00a0T\u00e9l\u00e9phone : +41 (0)78 888 08 83 &#8211; Service technique: +41 (0)78 881 71 45\u00a0Email:\u00a0info@masdors.ch &#8211; Service technique: mas@masdors.ch Liste de revendeurs sp\u00e9cialis\u00e9 et\u00a0agr\u00e9e\u00a0pr\u00e8s de chez vous Comment nous trouver ?&nbsp;Depuis Echallens suivre direction Yverdon pendant 3.6 km Rentrer \u00e0 Vuarrens jusqu\u2019au centre du village, a votre [&hellip;]<\/p>\n","protected":false},"author":1,"featured_media":0,"parent":0,"menu_order":0,"comment_status":"closed","ping_status":"closed","template":"","meta":[],"yoast_head":"<!-- This site is optimized with the Yoast SEO plugin v20.13 - https:\/\/yoast.com\/wordpress\/plugins\/seo\/ -->\n<title>Contact - Masdors - Cuisines ext\u00e9rieurs<\/title>\n<meta name=\"robots\" content=\"index, follow, max-snippet:-1, max-image-preview:large, max-video-preview:-1\" \/>\n<link rel=\"canonical\" href=\"https:\/\/masdors.ch\/index.php\/contact\/\" \/>\n<meta property=\"og:locale\" content=\"fr_FR\" \/>\n<meta property=\"og:type\" content=\"article\" \/>\n<meta property=\"og:title\" content=\"Contact - Masdors - Cuisines ext\u00e9rieurs\" \/>\n<meta property=\"og:description\" content=\"Masdors s\u00e0rl &#8211; La Croix 6 &#8211; 1418 Vuarrens\u00a0T\u00e9l\u00e9phone : +41 (0)78 888 08 83 &#8211; Service technique: +41 (0)78 881 71 45\u00a0Email:\u00a0info@masdors.ch &#8211; Service technique: mas@masdors.ch Liste de revendeurs sp\u00e9cialis\u00e9 et\u00a0agr\u00e9e\u00a0pr\u00e8s de chez vous Comment nous trouver ?&nbsp;Depuis Echallens suivre direction Yverdon pendant 3.6 km Rentrer \u00e0 Vuarrens jusqu\u2019au centre du village, a votre [&hellip;]\" \/>\n<meta property=\"og:url\" content=\"https:\/\/masdors.ch\/index.php\/contact\/\" \/>\n<meta property=\"og:site_name\" content=\"Masdors - Cuisines ext\u00e9rieurs\" \/>\n<meta property=\"article:modified_time\" content=\"2024-10-22T11:00:28+00:00\" \/>\n<meta property=\"og:image\" content=\"https:\/\/masdors.ch\/wp-content\/uploads\/2024\/10\/Capture-decran-2024-10-22-125426.png\" \/>\n<meta name=\"twitter:card\" content=\"summary_large_image\" \/>\n<meta name=\"twitter:label1\" content=\"Dur\u00e9e de lecture estim\u00e9e\" \/>\n\t<meta name=\"twitter:data1\" content=\"1 minute\" \/>\n<script type=\"application\/ld+json\" class=\"yoast-schema-graph\">{\"@context\":\"https:\/\/schema.org\",\"@graph\":[{\"@type\":\"WebPage\",\"@id\":\"https:\/\/masdors.ch\/index.php\/contact\/\",\"url\":\"https:\/\/masdors.ch\/index.php\/contact\/\",\"name\":\"Contact - Masdors - Cuisines ext\u00e9rieurs\",\"isPartOf\":{\"@id\":\"https:\/\/masdors.ch\/#website\"},\"datePublished\":\"2020-09-08T14:34:39+00:00\",\"dateModified\":\"2024-10-22T11:00:28+00:00\",\"breadcrumb\":{\"@id\":\"https:\/\/masdors.ch\/index.php\/contact\/#breadcrumb\"},\"inLanguage\":\"fr-FR\",\"potentialAction\":[{\"@type\":\"ReadAction\",\"target\":[\"https:\/\/masdors.ch\/index.php\/contact\/\"]}]},{\"@type\":\"BreadcrumbList\",\"@id\":\"https:\/\/masdors.ch\/index.php\/contact\/#breadcrumb\",\"itemListElement\":[{\"@type\":\"ListItem\",\"position\":1,\"name\":\"Home\",\"item\":\"https:\/\/masdors.ch\/\"},{\"@type\":\"ListItem\",\"position\":2,\"name\":\"Contact\"}]},{\"@type\":\"WebSite\",\"@id\":\"https:\/\/masdors.ch\/#website\",\"url\":\"https:\/\/masdors.ch\/\",\"name\":\"Masdors - Cuisines ext\u00e9rieurs\",\"description\":\"\",\"publisher\":{\"@id\":\"https:\/\/masdors.ch\/#organization\"},\"potentialAction\":[{\"@type\":\"SearchAction\",\"target\":{\"@type\":\"EntryPoint\",\"urlTemplate\":\"https:\/\/masdors.ch\/?s={search_term_string}\"},\"query-input\":\"required name=search_term_string\"}],\"inLanguage\":\"fr-FR\"},{\"@type\":\"Organization\",\"@id\":\"https:\/\/masdors.ch\/#organization\",\"name\":\"Masdors - Cuisines ext\u00e9rieurs\",\"url\":\"https:\/\/masdors.ch\/\",\"logo\":{\"@type\":\"ImageObject\",\"inLanguage\":\"fr-FR\",\"@id\":\"https:\/\/masdors.ch\/#\/schema\/logo\/image\/\",\"url\":\"https:\/\/masdors.ch\/wp-content\/uploads\/2020\/09\/Masdors_Logo-01x.png\",\"contentUrl\":\"https:\/\/masdors.ch\/wp-content\/uploads\/2020\/09\/Masdors_Logo-01x.png\",\"width\":223,\"height\":63,\"caption\":\"Masdors - Cuisines ext\u00e9rieurs\"},\"image\":{\"@id\":\"https:\/\/masdors.ch\/#\/schema\/logo\/image\/\"}}]}<\/script>\n<!-- \/ Yoast SEO plugin. -->","yoast_head_json":{"title":"Contact - Masdors - Cuisines ext\u00e9rieurs","robots":{"index":"index","follow":"follow","max-snippet":"max-snippet:-1","max-image-preview":"max-image-preview:large","max-video-preview":"max-video-preview:-1"},"canonical":"https:\/\/masdors.ch\/index.php\/contact\/","og_locale":"fr_FR","og_type":"article","og_title":"Contact - Masdors - Cuisines ext\u00e9rieurs","og_description":"Masdors s\u00e0rl &#8211; La Croix 6 &#8211; 1418 Vuarrens\u00a0T\u00e9l\u00e9phone : +41 (0)78 888 08 83 &#8211; Service technique: +41 (0)78 881 71 45\u00a0Email:\u00a0info@masdors.ch &#8211; Service technique: mas@masdors.ch Liste de revendeurs sp\u00e9cialis\u00e9 et\u00a0agr\u00e9e\u00a0pr\u00e8s de chez vous Comment nous trouver ?&nbsp;Depuis Echallens suivre direction Yverdon pendant 3.6 km Rentrer \u00e0 Vuarrens jusqu\u2019au centre du village, a votre [&hellip;]","og_url":"https:\/\/masdors.ch\/index.php\/contact\/","og_site_name":"Masdors - Cuisines ext\u00e9rieurs","article_modified_time":"2024-10-22T11:00:28+00:00","og_image":[{"url":"https:\/\/masdors.ch\/wp-content\/uploads\/2024\/10\/Capture-decran-2024-10-22-125426.png"}],"twitter_card":"summary_large_image","twitter_misc":{"Dur\u00e9e de lecture estim\u00e9e":"1 minute"},"schema":{"@context":"https:\/\/schema.org","@graph":[{"@type":"WebPage","@id":"https:\/\/masdors.ch\/index.php\/contact\/","url":"https:\/\/masdors.ch\/index.php\/contact\/","name":"Contact - Masdors - Cuisines ext\u00e9rieurs","isPartOf":{"@id":"https:\/\/masdors.ch\/#website"},"datePublished":"2020-09-08T14:34:39+00:00","dateModified":"2024-10-22T11:00:28+00:00","breadcrumb":{"@id":"https:\/\/masdors.ch\/index.php\/contact\/#breadcrumb"},"inLanguage":"fr-FR","potentialAction":[{"@type":"ReadAction","target":["https:\/\/masdors.ch\/index.php\/contact\/"]}]},{"@type":"BreadcrumbList","@id":"https:\/\/masdors.ch\/index.php\/contact\/#breadcrumb","itemListElement":[{"@type":"ListItem","position":1,"name":"Home","item":"https:\/\/masdors.ch\/"},{"@type":"ListItem","position":2,"name":"Contact"}]},{"@type":"WebSite","@id":"https:\/\/masdors.ch\/#website","url":"https:\/\/masdors.ch\/","name":"Masdors - Cuisines ext\u00e9rieurs","description":"","publisher":{"@id":"https:\/\/masdors.ch\/#organization"},"potentialAction":[{"@type":"SearchAction","target":{"@type":"EntryPoint","urlTemplate":"https:\/\/masdors.ch\/?s={search_term_string}"},"query-input":"required name=search_term_string"}],"inLanguage":"fr-FR"},{"@type":"Organization","@id":"https:\/\/masdors.ch\/#organization","name":"Masdors - Cuisines ext\u00e9rieurs","url":"https:\/\/masdors.ch\/","logo":{"@type":"ImageObject","inLanguage":"fr-FR","@id":"https:\/\/masdors.ch\/#\/schema\/logo\/image\/","url":"https:\/\/masdors.ch\/wp-content\/uploads\/2020\/09\/Masdors_Logo-01x.png","contentUrl":"https:\/\/masdors.ch\/wp-content\/uploads\/2020\/09\/Masdors_Logo-01x.png","width":223,"height":63,"caption":"Masdors - Cuisines ext\u00e9rieurs"},"image":{"@id":"https:\/\/masdors.ch\/#\/schema\/logo\/image\/"}}]}},"_links":{"self":[{"href":"https:\/\/masdors.ch\/index.php\/wp-json\/wp\/v2\/pages\/169"}],"collection":[{"href":"https:\/\/masdors.ch\/index.php\/wp-json\/wp\/v2\/pages"}],"about":[{"href":"https:\/\/masdors.ch\/index.php\/wp-json\/wp\/v2\/types\/page"}],"author":[{"embeddable":true,"href":"https:\/\/masdors.ch\/index.php\/wp-json\/wp\/v2\/users\/1"}],"replies":[{"embeddable":true,"href":"https:\/\/masdors.ch\/index.php\/wp-json\/wp\/v2\/comments?post=169"}],"version-history":[{"count":16,"href":"https:\/\/masdors.ch\/index.php\/wp-json\/wp\/v2\/pages\/169\/revisions"}],"predecessor-version":[{"id":21301,"href":"https:\/\/masdors.ch\/index.php\/wp-json\/wp\/v2\/pages\/169\/revisions\/21301"}],"wp:attachment":[{"href":"https:\/\/masdors.ch\/index.php\/wp-json\/wp\/v2\/media?parent=169"}],"curies":[{"name":"wp","href":"https:\/\/api.w.org\/{rel}","templated":true}]}}