{"id":12196,"date":"2020-11-30T16:02:59","date_gmt":"2020-12-26T14:28:56","guid":{"rendered":"https:\/\/masdors.ch\/index.php\/produit\/einbaubar-bar\/"},"modified":"2020-12-26T15:29:00","modified_gmt":"2020-12-26T14:29:00","slug":"einbaubar-bar","status":"publish","type":"product","link":"https:\/\/masdors.ch\/index.php\/produit\/einbaubar-bar\/?lang=de","title":{"rendered":"Einbaubar bar"},"content":{"rendered":"<p style=\"text-align: center;\"><span class=\"tlid-translation translation\" lang=\"fr\"><span title=\"\">Diese robuste Caddy-Bar aus Edelstahl ist mit einem Haushaltspapierst\u00e4nder, einem Flaschen\u00f6ffner, einer Schieberaumlade, zwei Steckpl\u00e4tzen f\u00fcr Edelstahlflaschen und einem Einbauhaken ausgestattet.<\/span> <span title=\"\">Enth\u00e4lt einen Deckel aus Edelstahl.<\/span><br \/>\n<span class=\"\" title=\"\">Ausschnitt: 305 mm H x 362 mm L x 578 mm P<\/span><\/span><\/p>\n<p style=\"text-align: center;\"><a href=\"http:\/\/masdors.ch\/wp-content\/uploads\/2020\/11\/2016-EU-Building-In-Plans.pdf\" target=\"_blank\" rel=\"noopener noreferrer\">Building-In-Plans<\/a><\/p>\n","protected":false},"excerpt":{"rendered":"<p><strong>Artikelnummer:<\/strong> 1D-S0<\/p>\n","protected":false},"featured_media":7249,"template":"","meta":[],"product_cat":[94],"product_tag":[],"yoast_head":"<!-- This site is optimized with the Yoast SEO plugin v20.13 - https:\/\/yoast.com\/wordpress\/plugins\/seo\/ -->\n<title>Einbaubar bar - Masdors - Cuisines ext\u00e9rieurs<\/title>\n<meta name=\"robots\" content=\"index, follow, max-snippet:-1, max-image-preview:large, max-video-preview:-1\" \/>\n<link rel=\"canonical\" href=\"https:\/\/masdors.ch\/index.php\/produit\/einbaubar-bar\/\" \/>\n<meta property=\"og:locale\" content=\"fr_FR\" \/>\n<meta property=\"og:type\" content=\"article\" \/>\n<meta property=\"og:title\" content=\"Einbaubar bar - Masdors - Cuisines ext\u00e9rieurs\" \/>\n<meta property=\"og:description\" content=\"Artikelnummer: 1D-S0\" \/>\n<meta property=\"og:url\" content=\"https:\/\/masdors.ch\/index.php\/produit\/einbaubar-bar\/?lang=de\" \/>\n<meta property=\"og:site_name\" content=\"Masdors - Cuisines ext\u00e9rieurs\" \/>\n<meta property=\"article:modified_time\" content=\"2020-12-26T14:29:00+00:00\" \/>\n<meta property=\"og:image\" content=\"https:\/\/masdors.ch\/wp-content\/uploads\/2020\/11\/bar-caddy-1D-SO.jpg\" \/>\n\t<meta property=\"og:image:width\" content=\"1252\" \/>\n\t<meta property=\"og:image:height\" content=\"827\" \/>\n\t<meta property=\"og:image:type\" content=\"image\/jpeg\" \/>\n<meta name=\"twitter:card\" content=\"summary_large_image\" \/>\n<script type=\"application\/ld+json\" class=\"yoast-schema-graph\">{\"@context\":\"https:\/\/schema.org\",\"@graph\":[{\"@type\":\"WebPage\",\"@id\":\"https:\/\/masdors.ch\/index.php\/produit\/einbaubar-bar\/?lang=de\",\"url\":\"https:\/\/masdors.ch\/index.php\/produit\/einbaubar-bar\/?lang=de\",\"name\":\"Einbaubar bar - Masdors - Cuisines ext\u00e9rieurs\",\"isPartOf\":{\"@id\":\"https:\/\/masdors.ch\/#website\"},\"datePublished\":\"2020-12-26T14:28:56+00:00\",\"dateModified\":\"2020-12-26T14:29:00+00:00\",\"breadcrumb\":{\"@id\":\"https:\/\/masdors.ch\/index.php\/produit\/einbaubar-bar\/?lang=de#breadcrumb\"},\"inLanguage\":\"fr-FR\",\"potentialAction\":[{\"@type\":\"ReadAction\",\"target\":[\"https:\/\/masdors.ch\/index.php\/produit\/einbaubar-bar\/?lang=de\"]}]},{\"@type\":\"BreadcrumbList\",\"@id\":\"https:\/\/masdors.ch\/index.php\/produit\/einbaubar-bar\/?lang=de#breadcrumb\",\"itemListElement\":[{\"@type\":\"ListItem\",\"position\":1,\"name\":\"Home\",\"item\":\"https:\/\/masdors.ch\/\"},{\"@type\":\"ListItem\",\"position\":2,\"name\":\"Produits\",\"item\":\"https:\/\/masdors.ch\/index.php\/shop\/\"},{\"@type\":\"ListItem\",\"position\":3,\"name\":\"Einbaubar bar\"}]},{\"@type\":\"WebSite\",\"@id\":\"https:\/\/masdors.ch\/#website\",\"url\":\"https:\/\/masdors.ch\/\",\"name\":\"Masdors - Cuisines ext\u00e9rieurs\",\"description\":\"\",\"publisher\":{\"@id\":\"https:\/\/masdors.ch\/#organization\"},\"potentialAction\":[{\"@type\":\"SearchAction\",\"target\":{\"@type\":\"EntryPoint\",\"urlTemplate\":\"https:\/\/masdors.ch\/?s={search_term_string}\"},\"query-input\":\"required name=search_term_string\"}],\"inLanguage\":\"fr-FR\"},{\"@type\":\"Organization\",\"@id\":\"https:\/\/masdors.ch\/#organization\",\"name\":\"Masdors - Cuisines ext\u00e9rieurs\",\"url\":\"https:\/\/masdors.ch\/\",\"logo\":{\"@type\":\"ImageObject\",\"inLanguage\":\"fr-FR\",\"@id\":\"https:\/\/masdors.ch\/#\/schema\/logo\/image\/\",\"url\":\"https:\/\/masdors.ch\/wp-content\/uploads\/2020\/09\/Masdors_Logo-01x.png\",\"contentUrl\":\"https:\/\/masdors.ch\/wp-content\/uploads\/2020\/09\/Masdors_Logo-01x.png\",\"width\":223,\"height\":63,\"caption\":\"Masdors - Cuisines ext\u00e9rieurs\"},\"image\":{\"@id\":\"https:\/\/masdors.ch\/#\/schema\/logo\/image\/\"}}]}<\/script>\n<!-- \/ Yoast SEO plugin. -->","yoast_head_json":{"title":"Einbaubar bar - Masdors - Cuisines ext\u00e9rieurs","robots":{"index":"index","follow":"follow","max-snippet":"max-snippet:-1","max-image-preview":"max-image-preview:large","max-video-preview":"max-video-preview:-1"},"canonical":"https:\/\/masdors.ch\/index.php\/produit\/einbaubar-bar\/","og_locale":"fr_FR","og_type":"article","og_title":"Einbaubar bar - Masdors - Cuisines ext\u00e9rieurs","og_description":"Artikelnummer: 1D-S0","og_url":"https:\/\/masdors.ch\/index.php\/produit\/einbaubar-bar\/?lang=de","og_site_name":"Masdors - Cuisines ext\u00e9rieurs","article_modified_time":"2020-12-26T14:29:00+00:00","og_image":[{"width":1252,"height":827,"url":"https:\/\/masdors.ch\/wp-content\/uploads\/2020\/11\/bar-caddy-1D-SO.jpg","type":"image\/jpeg"}],"twitter_card":"summary_large_image","schema":{"@context":"https:\/\/schema.org","@graph":[{"@type":"WebPage","@id":"https:\/\/masdors.ch\/index.php\/produit\/einbaubar-bar\/?lang=de","url":"https:\/\/masdors.ch\/index.php\/produit\/einbaubar-bar\/?lang=de","name":"Einbaubar bar - Masdors - Cuisines ext\u00e9rieurs","isPartOf":{"@id":"https:\/\/masdors.ch\/#website"},"datePublished":"2020-12-26T14:28:56+00:00","dateModified":"2020-12-26T14:29:00+00:00","breadcrumb":{"@id":"https:\/\/masdors.ch\/index.php\/produit\/einbaubar-bar\/?lang=de#breadcrumb"},"inLanguage":"fr-FR","potentialAction":[{"@type":"ReadAction","target":["https:\/\/masdors.ch\/index.php\/produit\/einbaubar-bar\/?lang=de"]}]},{"@type":"BreadcrumbList","@id":"https:\/\/masdors.ch\/index.php\/produit\/einbaubar-bar\/?lang=de#breadcrumb","itemListElement":[{"@type":"ListItem","position":1,"name":"Home","item":"https:\/\/masdors.ch\/"},{"@type":"ListItem","position":2,"name":"Produits","item":"https:\/\/masdors.ch\/index.php\/shop\/"},{"@type":"ListItem","position":3,"name":"Einbaubar bar"}]},{"@type":"WebSite","@id":"https:\/\/masdors.ch\/#website","url":"https:\/\/masdors.ch\/","name":"Masdors - Cuisines ext\u00e9rieurs","description":"","publisher":{"@id":"https:\/\/masdors.ch\/#organization"},"potentialAction":[{"@type":"SearchAction","target":{"@type":"EntryPoint","urlTemplate":"https:\/\/masdors.ch\/?s={search_term_string}"},"query-input":"required name=search_term_string"}],"inLanguage":"fr-FR"},{"@type":"Organization","@id":"https:\/\/masdors.ch\/#organization","name":"Masdors - Cuisines ext\u00e9rieurs","url":"https:\/\/masdors.ch\/","logo":{"@type":"ImageObject","inLanguage":"fr-FR","@id":"https:\/\/masdors.ch\/#\/schema\/logo\/image\/","url":"https:\/\/masdors.ch\/wp-content\/uploads\/2020\/09\/Masdors_Logo-01x.png","contentUrl":"https:\/\/masdors.ch\/wp-content\/uploads\/2020\/09\/Masdors_Logo-01x.png","width":223,"height":63,"caption":"Masdors - Cuisines ext\u00e9rieurs"},"image":{"@id":"https:\/\/masdors.ch\/#\/schema\/logo\/image\/"}}]}},"_links":{"self":[{"href":"https:\/\/masdors.ch\/index.php\/wp-json\/wp\/v2\/product\/12196"}],"collection":[{"href":"https:\/\/masdors.ch\/index.php\/wp-json\/wp\/v2\/product"}],"about":[{"href":"https:\/\/masdors.ch\/index.php\/wp-json\/wp\/v2\/types\/product"}],"wp:featuredmedia":[{"embeddable":true,"href":"https:\/\/masdors.ch\/index.php\/wp-json\/wp\/v2\/media\/7249"}],"wp:attachment":[{"href":"https:\/\/masdors.ch\/index.php\/wp-json\/wp\/v2\/media?parent=12196"}],"wp:term":[{"taxonomy":"product_cat","embeddable":true,"href":"https:\/\/masdors.ch\/index.php\/wp-json\/wp\/v2\/product_cat?post=12196"},{"taxonomy":"product_tag","embeddable":true,"href":"https:\/\/masdors.ch\/index.php\/wp-json\/wp\/v2\/product_tag?post=12196"}],"curies":[{"name":"wp","href":"https:\/\/api.w.org\/{rel}","templated":true}]}}