{"id":12471,"date":"2020-12-01T13:59:47","date_gmt":"2020-12-26T14:51:07","guid":{"rendered":"https:\/\/masdors.ch\/index.php\/produit\/combo-cut-clean\/"},"modified":"2020-12-26T15:51:08","modified_gmt":"2020-12-26T14:51:08","slug":"combo-schneid-und-reinigungs-combo","status":"publish","type":"product","link":"https:\/\/masdors.ch\/index.php\/produit\/combo-schneid-und-reinigungs-combo\/?lang=de","title":{"rendered":"Combo Cut &amp; Clean"},"content":{"rendered":"<p style=\"text-align: center;\"><span class=\"tlid-translation translation\" lang=\"fr\"><span class=\"\" title=\"\">Mit diesem Zubeh\u00f6r k\u00f6nnen Sie auf einem Fire Magic Bambusbrett schneiden und dann die Tr\u00fcmmer \u00fcber einen tiefen Abfallfall direkt in einen M\u00fclleimer kehren.  <\/span><\/span><\/p>\n<p style=\"text-align: center;\"><span class=\"tlid-translation translation\" lang=\"fr\"><span class=\"\" title=\"\">Aus Edelstahl.<\/span> <\/span><\/p>\n<p style=\"text-align: center;\"><span class=\"tlid-translation translation\" lang=\"fr\"><span title=\"\">Der Sturz ist 38 cm gro\u00df.<\/span> <\/span><\/p>\n<p style=\"text-align: center;\"><span class=\"tlid-translation translation\" lang=\"fr\"><span class=\"\" title=\"\">Edelstahl Deckel im Lieferumfang enthalten.<\/span> <\/span><\/p>\n<p style=\"text-align: center;\"><span class=\"tlid-translation translation\" lang=\"fr\"><span title=\"\">Perfekt geeignet f\u00fcr den Fire Magic Trash Container (53825-T).<\/span><\/span><\/p>\n<p><span class=\"\" title=\"\">Ausschnitt: 381 mm H x 413 mm L x 387 mm P<\/span><\/p>\n","protected":false},"excerpt":{"rendered":"<p><strong>Artikelnummer:<\/strong> <span class=\"tlid-translation translation\" lang=\"fr\"> <span class=\"\" title=\"\">53816<\/span><\/p>\n<p><\/span><\/p>\n","protected":false},"featured_media":7271,"template":"","meta":[],"product_cat":[94],"product_tag":[],"yoast_head":"<!-- This site is optimized with the Yoast SEO plugin v20.13 - https:\/\/yoast.com\/wordpress\/plugins\/seo\/ -->\n<title>Combo Cut &amp; Clean - Masdors - Cuisines ext\u00e9rieurs<\/title>\n<meta name=\"robots\" content=\"index, follow, max-snippet:-1, max-image-preview:large, max-video-preview:-1\" \/>\n<link rel=\"canonical\" href=\"https:\/\/masdors.ch\/index.php\/produit\/combo-schneid-und-reinigungs-combo\/\" \/>\n<meta property=\"og:locale\" content=\"fr_FR\" \/>\n<meta property=\"og:type\" content=\"article\" \/>\n<meta property=\"og:title\" content=\"Combo Cut &amp; Clean - Masdors - Cuisines ext\u00e9rieurs\" \/>\n<meta property=\"og:description\" content=\"Artikelnummer: 53816\" \/>\n<meta property=\"og:url\" content=\"https:\/\/masdors.ch\/index.php\/produit\/combo-schneid-und-reinigungs-combo\/?lang=de\" \/>\n<meta property=\"og:site_name\" content=\"Masdors - Cuisines ext\u00e9rieurs\" \/>\n<meta property=\"article:modified_time\" content=\"2020-12-26T14:51:08+00:00\" \/>\n<meta property=\"og:image\" content=\"https:\/\/masdors.ch\/wp-content\/uploads\/2020\/12\/cut-clean-53816.jpg\" \/>\n\t<meta property=\"og:image:width\" content=\"730\" \/>\n\t<meta property=\"og:image:height\" content=\"796\" \/>\n\t<meta property=\"og:image:type\" content=\"image\/jpeg\" \/>\n<meta name=\"twitter:card\" content=\"summary_large_image\" \/>\n<script type=\"application\/ld+json\" class=\"yoast-schema-graph\">{\"@context\":\"https:\/\/schema.org\",\"@graph\":[{\"@type\":\"WebPage\",\"@id\":\"https:\/\/masdors.ch\/index.php\/produit\/combo-schneid-und-reinigungs-combo\/?lang=de\",\"url\":\"https:\/\/masdors.ch\/index.php\/produit\/combo-schneid-und-reinigungs-combo\/?lang=de\",\"name\":\"Combo Cut &amp; Clean - Masdors - Cuisines ext\u00e9rieurs\",\"isPartOf\":{\"@id\":\"https:\/\/masdors.ch\/#website\"},\"datePublished\":\"2020-12-26T14:51:07+00:00\",\"dateModified\":\"2020-12-26T14:51:08+00:00\",\"breadcrumb\":{\"@id\":\"https:\/\/masdors.ch\/index.php\/produit\/combo-schneid-und-reinigungs-combo\/?lang=de#breadcrumb\"},\"inLanguage\":\"fr-FR\",\"potentialAction\":[{\"@type\":\"ReadAction\",\"target\":[\"https:\/\/masdors.ch\/index.php\/produit\/combo-schneid-und-reinigungs-combo\/?lang=de\"]}]},{\"@type\":\"BreadcrumbList\",\"@id\":\"https:\/\/masdors.ch\/index.php\/produit\/combo-schneid-und-reinigungs-combo\/?lang=de#breadcrumb\",\"itemListElement\":[{\"@type\":\"ListItem\",\"position\":1,\"name\":\"Home\",\"item\":\"https:\/\/masdors.ch\/\"},{\"@type\":\"ListItem\",\"position\":2,\"name\":\"Produits\",\"item\":\"https:\/\/masdors.ch\/index.php\/shop\/\"},{\"@type\":\"ListItem\",\"position\":3,\"name\":\"Combo Cut &amp; Clean\"}]},{\"@type\":\"WebSite\",\"@id\":\"https:\/\/masdors.ch\/#website\",\"url\":\"https:\/\/masdors.ch\/\",\"name\":\"Masdors - Cuisines ext\u00e9rieurs\",\"description\":\"\",\"publisher\":{\"@id\":\"https:\/\/masdors.ch\/#organization\"},\"potentialAction\":[{\"@type\":\"SearchAction\",\"target\":{\"@type\":\"EntryPoint\",\"urlTemplate\":\"https:\/\/masdors.ch\/?s={search_term_string}\"},\"query-input\":\"required name=search_term_string\"}],\"inLanguage\":\"fr-FR\"},{\"@type\":\"Organization\",\"@id\":\"https:\/\/masdors.ch\/#organization\",\"name\":\"Masdors - Cuisines ext\u00e9rieurs\",\"url\":\"https:\/\/masdors.ch\/\",\"logo\":{\"@type\":\"ImageObject\",\"inLanguage\":\"fr-FR\",\"@id\":\"https:\/\/masdors.ch\/#\/schema\/logo\/image\/\",\"url\":\"https:\/\/masdors.ch\/wp-content\/uploads\/2020\/09\/Masdors_Logo-01x.png\",\"contentUrl\":\"https:\/\/masdors.ch\/wp-content\/uploads\/2020\/09\/Masdors_Logo-01x.png\",\"width\":223,\"height\":63,\"caption\":\"Masdors - Cuisines ext\u00e9rieurs\"},\"image\":{\"@id\":\"https:\/\/masdors.ch\/#\/schema\/logo\/image\/\"}}]}<\/script>\n<!-- \/ Yoast SEO plugin. -->","yoast_head_json":{"title":"Combo Cut &amp; Clean - Masdors - Cuisines ext\u00e9rieurs","robots":{"index":"index","follow":"follow","max-snippet":"max-snippet:-1","max-image-preview":"max-image-preview:large","max-video-preview":"max-video-preview:-1"},"canonical":"https:\/\/masdors.ch\/index.php\/produit\/combo-schneid-und-reinigungs-combo\/","og_locale":"fr_FR","og_type":"article","og_title":"Combo Cut &amp; Clean - Masdors - Cuisines ext\u00e9rieurs","og_description":"Artikelnummer: 53816","og_url":"https:\/\/masdors.ch\/index.php\/produit\/combo-schneid-und-reinigungs-combo\/?lang=de","og_site_name":"Masdors - Cuisines ext\u00e9rieurs","article_modified_time":"2020-12-26T14:51:08+00:00","og_image":[{"width":730,"height":796,"url":"https:\/\/masdors.ch\/wp-content\/uploads\/2020\/12\/cut-clean-53816.jpg","type":"image\/jpeg"}],"twitter_card":"summary_large_image","schema":{"@context":"https:\/\/schema.org","@graph":[{"@type":"WebPage","@id":"https:\/\/masdors.ch\/index.php\/produit\/combo-schneid-und-reinigungs-combo\/?lang=de","url":"https:\/\/masdors.ch\/index.php\/produit\/combo-schneid-und-reinigungs-combo\/?lang=de","name":"Combo Cut &amp; Clean - Masdors - Cuisines ext\u00e9rieurs","isPartOf":{"@id":"https:\/\/masdors.ch\/#website"},"datePublished":"2020-12-26T14:51:07+00:00","dateModified":"2020-12-26T14:51:08+00:00","breadcrumb":{"@id":"https:\/\/masdors.ch\/index.php\/produit\/combo-schneid-und-reinigungs-combo\/?lang=de#breadcrumb"},"inLanguage":"fr-FR","potentialAction":[{"@type":"ReadAction","target":["https:\/\/masdors.ch\/index.php\/produit\/combo-schneid-und-reinigungs-combo\/?lang=de"]}]},{"@type":"BreadcrumbList","@id":"https:\/\/masdors.ch\/index.php\/produit\/combo-schneid-und-reinigungs-combo\/?lang=de#breadcrumb","itemListElement":[{"@type":"ListItem","position":1,"name":"Home","item":"https:\/\/masdors.ch\/"},{"@type":"ListItem","position":2,"name":"Produits","item":"https:\/\/masdors.ch\/index.php\/shop\/"},{"@type":"ListItem","position":3,"name":"Combo Cut &amp; Clean"}]},{"@type":"WebSite","@id":"https:\/\/masdors.ch\/#website","url":"https:\/\/masdors.ch\/","name":"Masdors - Cuisines ext\u00e9rieurs","description":"","publisher":{"@id":"https:\/\/masdors.ch\/#organization"},"potentialAction":[{"@type":"SearchAction","target":{"@type":"EntryPoint","urlTemplate":"https:\/\/masdors.ch\/?s={search_term_string}"},"query-input":"required name=search_term_string"}],"inLanguage":"fr-FR"},{"@type":"Organization","@id":"https:\/\/masdors.ch\/#organization","name":"Masdors - Cuisines ext\u00e9rieurs","url":"https:\/\/masdors.ch\/","logo":{"@type":"ImageObject","inLanguage":"fr-FR","@id":"https:\/\/masdors.ch\/#\/schema\/logo\/image\/","url":"https:\/\/masdors.ch\/wp-content\/uploads\/2020\/09\/Masdors_Logo-01x.png","contentUrl":"https:\/\/masdors.ch\/wp-content\/uploads\/2020\/09\/Masdors_Logo-01x.png","width":223,"height":63,"caption":"Masdors - Cuisines ext\u00e9rieurs"},"image":{"@id":"https:\/\/masdors.ch\/#\/schema\/logo\/image\/"}}]}},"_links":{"self":[{"href":"https:\/\/masdors.ch\/index.php\/wp-json\/wp\/v2\/product\/12471"}],"collection":[{"href":"https:\/\/masdors.ch\/index.php\/wp-json\/wp\/v2\/product"}],"about":[{"href":"https:\/\/masdors.ch\/index.php\/wp-json\/wp\/v2\/types\/product"}],"wp:featuredmedia":[{"embeddable":true,"href":"https:\/\/masdors.ch\/index.php\/wp-json\/wp\/v2\/media\/7271"}],"wp:attachment":[{"href":"https:\/\/masdors.ch\/index.php\/wp-json\/wp\/v2\/media?parent=12471"}],"wp:term":[{"taxonomy":"product_cat","embeddable":true,"href":"https:\/\/masdors.ch\/index.php\/wp-json\/wp\/v2\/product_cat?post=12471"},{"taxonomy":"product_tag","embeddable":true,"href":"https:\/\/masdors.ch\/index.php\/wp-json\/wp\/v2\/product_tag?post=12471"}],"curies":[{"name":"wp","href":"https:\/\/api.w.org\/{rel}","templated":true}]}}