{"id":7562,"date":"2020-12-06T10:49:59","date_gmt":"2020-12-06T09:49:59","guid":{"rendered":"https:\/\/dev.masdors.ch\/?post_type=product&#038;p=7562"},"modified":"2020-12-06T10:49:59","modified_gmt":"2020-12-06T09:49:59","slug":"tiroir-double-2","status":"publish","type":"product","link":"https:\/\/masdors.ch\/index.php\/produit\/tiroir-double-2\/","title":{"rendered":"Tiroir double"},"content":{"rendered":"<p style=\"text-align: center;\"><span class=\"tlid-translation translation\" lang=\"fr\"><span class=\"\" title=\"\">Tiroirs\u00a0 encastrables peuvent \u00eatre install\u00e9es sur tous les \u00eelots pr\u00e9fabriqu\u00e9s ou sur n\u2019importe quelle cuisine d\u2019ext\u00e9rieure.<\/span><\/span><\/p>\n<p style=\"text-align: center;\"><span class=\"tlid-translation translation\" lang=\"fr\"><span title=\"\">Ce produit est con\u00e7u en acier inoxydable 304 \u00e0 double paroi isol\u00e9e en mousse pour une durabilit\u00e9 et une long\u00e9vit\u00e9 accrues.<\/span> <\/span><\/p>\n<p style=\"text-align: center;\"><span class=\"tlid-translation translation\" lang=\"fr\"><span title=\"\"><span class=\"\" title=\"\">Chaque tiroir<\/span> est livr\u00e9e avec des supports en acier inoxydable et un loquet magn\u00e9tique pour une fermeture s\u00e9curis\u00e9e.<\/span><\/span><\/p>\n<p style=\"text-align: center;\"><span title=\"\">Construction en acier inoxydable \u2013 acier inoxydable 304 de haute qualit\u00e9 pour la durabilit\u00e9 maximale<\/span><br \/>\n<span title=\"\">Double paroi \u2013 La construction unique \u00e0 double paroi augmente la r\u00e9sistance et la durabilit\u00e9<\/span><br \/>\n<span title=\"\">Mousse isol\u00e9e \u2013 Fournit une isolation suppl\u00e9mentaire et temp\u00e9rature contr\u00f4l\u00e9e<\/span><br \/>\n<span title=\"\">Loquet magn\u00e9tique \u2013 Le loquet magn\u00e9tique \u00e0 fermeture facile fournit une \u00e9tanch\u00e9it\u00e9 s\u00fbre<\/span><\/p>\n<p style=\"text-align: center;\"><span class=\"tlid-translation translation\" lang=\"fr\"><span title=\"\">Le\u00a0 joint prot\u00e8ge que <\/span><span class=\"\" title=\"\">l\u2019eau ne p\u00e9n\u00e8tre pas dans votre enclos<\/span><\/span><\/p>\n<p style=\"text-align: center;\"><span class=\"tlid-translation translation\" lang=\"fr\"><span class=\"\" title=\"\">D\u00e9coupe: 400 mm H x 367 mm L x 521 mm P<br \/>\n<\/span><\/span><\/p>\n<p style=\"text-align: center;\"><a href=\"http:\/\/masdors.ch\/wp-content\/uploads\/2020\/11\/2016-EU-Building-In-Plans.pdf\" target=\"_blank\" rel=\"noopener noreferrer\">Building-In-Plans<\/a><\/p>\n","protected":false},"excerpt":{"rendered":"<p><strong>Num\u00e9ro d&rsquo;article:<\/strong> <span class=\"tlid-translation translation\" lang=\"fr\"><span class=\"\" title=\"\">53802-SC<\/span><\/span><\/p>\n","protected":false},"featured_media":7563,"template":"","meta":[],"product_cat":[87],"product_tag":[],"yoast_head":"<!-- This site is optimized with the Yoast SEO plugin v20.13 - https:\/\/yoast.com\/wordpress\/plugins\/seo\/ -->\n<title>Tiroir double - Masdors - Cuisines ext\u00e9rieurs<\/title>\n<meta name=\"robots\" content=\"index, follow, max-snippet:-1, max-image-preview:large, max-video-preview:-1\" \/>\n<link rel=\"canonical\" href=\"https:\/\/masdors.ch\/index.php\/produit\/tiroir-double-2\/\" \/>\n<meta property=\"og:locale\" content=\"fr_FR\" \/>\n<meta property=\"og:type\" content=\"article\" \/>\n<meta property=\"og:title\" content=\"Tiroir double - Masdors - Cuisines ext\u00e9rieurs\" \/>\n<meta property=\"og:description\" content=\"Num\u00e9ro d&#039;article: 53802-SC\" \/>\n<meta property=\"og:url\" content=\"https:\/\/masdors.ch\/index.php\/produit\/tiroir-double-2\/\" \/>\n<meta property=\"og:site_name\" content=\"Masdors - Cuisines ext\u00e9rieurs\" \/>\n<meta property=\"og:image\" content=\"https:\/\/masdors.ch\/wp-content\/uploads\/2020\/12\/Tiroir-double-53802-SC.jpg\" \/>\n\t<meta property=\"og:image:width\" content=\"1280\" \/>\n\t<meta property=\"og:image:height\" content=\"833\" \/>\n\t<meta property=\"og:image:type\" content=\"image\/jpeg\" \/>\n<meta name=\"twitter:card\" content=\"summary_large_image\" \/>\n<meta name=\"twitter:label1\" content=\"Dur\u00e9e de lecture estim\u00e9e\" \/>\n\t<meta name=\"twitter:data1\" content=\"1 minute\" \/>\n<script type=\"application\/ld+json\" class=\"yoast-schema-graph\">{\"@context\":\"https:\/\/schema.org\",\"@graph\":[{\"@type\":\"WebPage\",\"@id\":\"https:\/\/masdors.ch\/index.php\/produit\/tiroir-double-2\/\",\"url\":\"https:\/\/masdors.ch\/index.php\/produit\/tiroir-double-2\/\",\"name\":\"Tiroir double - Masdors - Cuisines ext\u00e9rieurs\",\"isPartOf\":{\"@id\":\"https:\/\/masdors.ch\/#website\"},\"datePublished\":\"2020-12-06T09:49:59+00:00\",\"dateModified\":\"2020-12-06T09:49:59+00:00\",\"breadcrumb\":{\"@id\":\"https:\/\/masdors.ch\/index.php\/produit\/tiroir-double-2\/#breadcrumb\"},\"inLanguage\":\"fr-FR\",\"potentialAction\":[{\"@type\":\"ReadAction\",\"target\":[\"https:\/\/masdors.ch\/index.php\/produit\/tiroir-double-2\/\"]}]},{\"@type\":\"BreadcrumbList\",\"@id\":\"https:\/\/masdors.ch\/index.php\/produit\/tiroir-double-2\/#breadcrumb\",\"itemListElement\":[{\"@type\":\"ListItem\",\"position\":1,\"name\":\"Home\",\"item\":\"https:\/\/masdors.ch\/\"},{\"@type\":\"ListItem\",\"position\":2,\"name\":\"Produits\",\"item\":\"https:\/\/masdors.ch\/index.php\/shop\/\"},{\"@type\":\"ListItem\",\"position\":3,\"name\":\"Tiroir double\"}]},{\"@type\":\"WebSite\",\"@id\":\"https:\/\/masdors.ch\/#website\",\"url\":\"https:\/\/masdors.ch\/\",\"name\":\"Masdors - Cuisines ext\u00e9rieurs\",\"description\":\"\",\"publisher\":{\"@id\":\"https:\/\/masdors.ch\/#organization\"},\"potentialAction\":[{\"@type\":\"SearchAction\",\"target\":{\"@type\":\"EntryPoint\",\"urlTemplate\":\"https:\/\/masdors.ch\/?s={search_term_string}\"},\"query-input\":\"required name=search_term_string\"}],\"inLanguage\":\"fr-FR\"},{\"@type\":\"Organization\",\"@id\":\"https:\/\/masdors.ch\/#organization\",\"name\":\"Masdors - Cuisines ext\u00e9rieurs\",\"url\":\"https:\/\/masdors.ch\/\",\"logo\":{\"@type\":\"ImageObject\",\"inLanguage\":\"fr-FR\",\"@id\":\"https:\/\/masdors.ch\/#\/schema\/logo\/image\/\",\"url\":\"https:\/\/masdors.ch\/wp-content\/uploads\/2020\/09\/Masdors_Logo-01x.png\",\"contentUrl\":\"https:\/\/masdors.ch\/wp-content\/uploads\/2020\/09\/Masdors_Logo-01x.png\",\"width\":223,\"height\":63,\"caption\":\"Masdors - Cuisines ext\u00e9rieurs\"},\"image\":{\"@id\":\"https:\/\/masdors.ch\/#\/schema\/logo\/image\/\"}}]}<\/script>\n<!-- \/ Yoast SEO plugin. -->","yoast_head_json":{"title":"Tiroir double - Masdors - Cuisines ext\u00e9rieurs","robots":{"index":"index","follow":"follow","max-snippet":"max-snippet:-1","max-image-preview":"max-image-preview:large","max-video-preview":"max-video-preview:-1"},"canonical":"https:\/\/masdors.ch\/index.php\/produit\/tiroir-double-2\/","og_locale":"fr_FR","og_type":"article","og_title":"Tiroir double - Masdors - Cuisines ext\u00e9rieurs","og_description":"Num\u00e9ro d'article: 53802-SC","og_url":"https:\/\/masdors.ch\/index.php\/produit\/tiroir-double-2\/","og_site_name":"Masdors - Cuisines ext\u00e9rieurs","og_image":[{"width":1280,"height":833,"url":"https:\/\/masdors.ch\/wp-content\/uploads\/2020\/12\/Tiroir-double-53802-SC.jpg","type":"image\/jpeg"}],"twitter_card":"summary_large_image","twitter_misc":{"Dur\u00e9e de lecture estim\u00e9e":"1 minute"},"schema":{"@context":"https:\/\/schema.org","@graph":[{"@type":"WebPage","@id":"https:\/\/masdors.ch\/index.php\/produit\/tiroir-double-2\/","url":"https:\/\/masdors.ch\/index.php\/produit\/tiroir-double-2\/","name":"Tiroir double - Masdors - Cuisines ext\u00e9rieurs","isPartOf":{"@id":"https:\/\/masdors.ch\/#website"},"datePublished":"2020-12-06T09:49:59+00:00","dateModified":"2020-12-06T09:49:59+00:00","breadcrumb":{"@id":"https:\/\/masdors.ch\/index.php\/produit\/tiroir-double-2\/#breadcrumb"},"inLanguage":"fr-FR","potentialAction":[{"@type":"ReadAction","target":["https:\/\/masdors.ch\/index.php\/produit\/tiroir-double-2\/"]}]},{"@type":"BreadcrumbList","@id":"https:\/\/masdors.ch\/index.php\/produit\/tiroir-double-2\/#breadcrumb","itemListElement":[{"@type":"ListItem","position":1,"name":"Home","item":"https:\/\/masdors.ch\/"},{"@type":"ListItem","position":2,"name":"Produits","item":"https:\/\/masdors.ch\/index.php\/shop\/"},{"@type":"ListItem","position":3,"name":"Tiroir double"}]},{"@type":"WebSite","@id":"https:\/\/masdors.ch\/#website","url":"https:\/\/masdors.ch\/","name":"Masdors - Cuisines ext\u00e9rieurs","description":"","publisher":{"@id":"https:\/\/masdors.ch\/#organization"},"potentialAction":[{"@type":"SearchAction","target":{"@type":"EntryPoint","urlTemplate":"https:\/\/masdors.ch\/?s={search_term_string}"},"query-input":"required name=search_term_string"}],"inLanguage":"fr-FR"},{"@type":"Organization","@id":"https:\/\/masdors.ch\/#organization","name":"Masdors - Cuisines ext\u00e9rieurs","url":"https:\/\/masdors.ch\/","logo":{"@type":"ImageObject","inLanguage":"fr-FR","@id":"https:\/\/masdors.ch\/#\/schema\/logo\/image\/","url":"https:\/\/masdors.ch\/wp-content\/uploads\/2020\/09\/Masdors_Logo-01x.png","contentUrl":"https:\/\/masdors.ch\/wp-content\/uploads\/2020\/09\/Masdors_Logo-01x.png","width":223,"height":63,"caption":"Masdors - Cuisines ext\u00e9rieurs"},"image":{"@id":"https:\/\/masdors.ch\/#\/schema\/logo\/image\/"}}]}},"_links":{"self":[{"href":"https:\/\/masdors.ch\/index.php\/wp-json\/wp\/v2\/product\/7562"}],"collection":[{"href":"https:\/\/masdors.ch\/index.php\/wp-json\/wp\/v2\/product"}],"about":[{"href":"https:\/\/masdors.ch\/index.php\/wp-json\/wp\/v2\/types\/product"}],"wp:featuredmedia":[{"embeddable":true,"href":"https:\/\/masdors.ch\/index.php\/wp-json\/wp\/v2\/media\/7563"}],"wp:attachment":[{"href":"https:\/\/masdors.ch\/index.php\/wp-json\/wp\/v2\/media?parent=7562"}],"wp:term":[{"taxonomy":"product_cat","embeddable":true,"href":"https:\/\/masdors.ch\/index.php\/wp-json\/wp\/v2\/product_cat?post=7562"},{"taxonomy":"product_tag","embeddable":true,"href":"https:\/\/masdors.ch\/index.php\/wp-json\/wp\/v2\/product_tag?post=7562"}],"curies":[{"name":"wp","href":"https:\/\/api.w.org\/{rel}","templated":true}]}}