{"id":9138,"date":"2020-12-06T11:18:27","date_gmt":"2020-12-21T15:59:27","guid":{"rendered":"https:\/\/masdors.ch\/index.php\/produit\/heizschublade\/"},"modified":"2020-12-21T16:59:30","modified_gmt":"2020-12-21T15:59:30","slug":"schublade-heizung-2","status":"publish","type":"product","link":"https:\/\/masdors.ch\/index.php\/produit\/schublade-heizung-2\/?lang=de","title":{"rendered":"Heizschublade"},"content":{"rendered":"<p style=\"text-align: center;\"><span class=\"tlid-translation translation\" lang=\"fr\"><span class=\"\" title=\"\"><span title=\"\">Elektronisch gesteuerter Heizkasten mit Temperatureinstellungen von 140 \u00b0 F bis 230 \u00b0 F.<\/span> Ideal, um Teller und Lebensmittel warm zu halten.<\/span><\/span><\/p>\n<p style=\"text-align: center;\"><span class=\"tlid-translation translation\" lang=\"fr\"><span class=\"\" title=\"\">Einbau-Schubladen k\u00f6nnen auf allen vorgefertigten Inseln oder auf jeder Au\u00dfenk\u00fcche installiert werden.<\/span><\/span><\/p>\n<p style=\"text-align: center;\"><span class=\"tlid-translation translation\" lang=\"fr\"><span title=\"\">Dieses Produkt ist aus Edelstahl 304 mit doppelter, isolierter Schaumstoffwand f\u00fcr mehr Haltbarkeit und Langlebigkeit entwickelt.<\/span> <\/span><\/p>\n<p style=\"text-align: center;\"><span class=\"tlid-translation translation\" lang=\"fr\"><span title=\"\"><span class=\"\" title=\"\">Jede Schublade<\/span> kommt mit Edelstahlhalterungen und einer Magnetischen Klinke f\u00fcr einen sicheren Verschluss.<\/span><\/span><\/p>\n<p style=\"text-align: center;\"><span title=\"\">Edelstahl-Konstruktion &#8211; Hochwertiger Edelstahl 304 f\u00fcr maximale Haltbarkeit<\/span><br \/>\n<span title=\"\">Doppelwand &#8211; Einzelkonstruktion mit doppelter Wand erh\u00f6ht Festigkeit und Haltbarkeit<\/span><br \/>\n<span title=\"\">Isolierter Schaum &#8211; bietet zus\u00e4tzliche Isolierung und kontrollierte Temperatur<\/span><br \/>\n<span title=\"\">Magnet-Klinke &#8211; Die leicht verschlie\u00dfte Magnetverschluss-Klinke sorgt f\u00fcr sichere Abdichtung<\/span><\/p>\n<p style=\"text-align: center;\"><span class=\"tlid-translation translation\" lang=\"fr\"><span title=\"\">Die Dichtung sch\u00fctzt, dass <\/span> <span class=\"\" title=\"\">das Wasser nicht in Ihr Gehege gelangt<\/span><\/span><\/p>\n<p style=\"text-align: center;\"><span class=\"tlid-translation translation\" lang=\"fr\"><span class=\"\" title=\"\">Ausschnitt: 368h x 819w x 559d<br \/>\n<\/span><\/span><\/p>\n<p style=\"text-align: center;\"><a href=\"http:\/\/masdors.ch\/wp-content\/uploads\/2020\/11\/2016-EU-Building-In-Plans.pdf\" target=\"_blank\" rel=\"noopener noreferrer\">Building-In-Plans<\/a><\/p>\n","protected":false},"excerpt":{"rendered":"<p><strong>Artikelnummer:<\/strong> <span class=\"tlid-translation translation\" lang=\"fr\"><span class=\"\" title=\"\">53830-SW-SC<\/span><\/span><\/p>\n","protected":false},"featured_media":7576,"template":"","meta":[],"product_cat":[94],"product_tag":[],"yoast_head":"<!-- This site is optimized with the Yoast SEO plugin v20.13 - https:\/\/yoast.com\/wordpress\/plugins\/seo\/ -->\n<title>Heizschublade - Masdors - Cuisines ext\u00e9rieurs<\/title>\n<meta name=\"robots\" content=\"index, follow, max-snippet:-1, max-image-preview:large, max-video-preview:-1\" \/>\n<link rel=\"canonical\" href=\"https:\/\/masdors.ch\/index.php\/produit\/schublade-heizung-2\/\" \/>\n<meta property=\"og:locale\" content=\"fr_FR\" \/>\n<meta property=\"og:type\" content=\"article\" \/>\n<meta property=\"og:title\" content=\"Heizschublade - Masdors - Cuisines ext\u00e9rieurs\" \/>\n<meta property=\"og:description\" content=\"Artikelnummer: 53830-SW-SC\" \/>\n<meta property=\"og:url\" content=\"https:\/\/masdors.ch\/index.php\/produit\/schublade-heizung-2\/?lang=de\" \/>\n<meta property=\"og:site_name\" content=\"Masdors - Cuisines ext\u00e9rieurs\" \/>\n<meta property=\"article:modified_time\" content=\"2020-12-21T15:59:30+00:00\" \/>\n<meta property=\"og:image\" content=\"https:\/\/masdors.ch\/wp-content\/uploads\/2020\/12\/Tiroir-chauffant-53830-SW-SC.jpg\" \/>\n\t<meta property=\"og:image:width\" content=\"1281\" \/>\n\t<meta property=\"og:image:height\" content=\"834\" \/>\n\t<meta property=\"og:image:type\" content=\"image\/jpeg\" \/>\n<meta name=\"twitter:card\" content=\"summary_large_image\" \/>\n<meta name=\"twitter:label1\" content=\"Dur\u00e9e de lecture estim\u00e9e\" \/>\n\t<meta name=\"twitter:data1\" content=\"1 minute\" \/>\n<script type=\"application\/ld+json\" class=\"yoast-schema-graph\">{\"@context\":\"https:\/\/schema.org\",\"@graph\":[{\"@type\":\"WebPage\",\"@id\":\"https:\/\/masdors.ch\/index.php\/produit\/schublade-heizung-2\/?lang=de\",\"url\":\"https:\/\/masdors.ch\/index.php\/produit\/schublade-heizung-2\/?lang=de\",\"name\":\"Heizschublade - Masdors - Cuisines ext\u00e9rieurs\",\"isPartOf\":{\"@id\":\"https:\/\/masdors.ch\/#website\"},\"datePublished\":\"2020-12-21T15:59:27+00:00\",\"dateModified\":\"2020-12-21T15:59:30+00:00\",\"breadcrumb\":{\"@id\":\"https:\/\/masdors.ch\/index.php\/produit\/schublade-heizung-2\/?lang=de#breadcrumb\"},\"inLanguage\":\"fr-FR\",\"potentialAction\":[{\"@type\":\"ReadAction\",\"target\":[\"https:\/\/masdors.ch\/index.php\/produit\/schublade-heizung-2\/?lang=de\"]}]},{\"@type\":\"BreadcrumbList\",\"@id\":\"https:\/\/masdors.ch\/index.php\/produit\/schublade-heizung-2\/?lang=de#breadcrumb\",\"itemListElement\":[{\"@type\":\"ListItem\",\"position\":1,\"name\":\"Home\",\"item\":\"https:\/\/masdors.ch\/\"},{\"@type\":\"ListItem\",\"position\":2,\"name\":\"Produits\",\"item\":\"https:\/\/masdors.ch\/index.php\/shop\/\"},{\"@type\":\"ListItem\",\"position\":3,\"name\":\"Heizschublade\"}]},{\"@type\":\"WebSite\",\"@id\":\"https:\/\/masdors.ch\/#website\",\"url\":\"https:\/\/masdors.ch\/\",\"name\":\"Masdors - Cuisines ext\u00e9rieurs\",\"description\":\"\",\"publisher\":{\"@id\":\"https:\/\/masdors.ch\/#organization\"},\"potentialAction\":[{\"@type\":\"SearchAction\",\"target\":{\"@type\":\"EntryPoint\",\"urlTemplate\":\"https:\/\/masdors.ch\/?s={search_term_string}\"},\"query-input\":\"required name=search_term_string\"}],\"inLanguage\":\"fr-FR\"},{\"@type\":\"Organization\",\"@id\":\"https:\/\/masdors.ch\/#organization\",\"name\":\"Masdors - Cuisines ext\u00e9rieurs\",\"url\":\"https:\/\/masdors.ch\/\",\"logo\":{\"@type\":\"ImageObject\",\"inLanguage\":\"fr-FR\",\"@id\":\"https:\/\/masdors.ch\/#\/schema\/logo\/image\/\",\"url\":\"https:\/\/masdors.ch\/wp-content\/uploads\/2020\/09\/Masdors_Logo-01x.png\",\"contentUrl\":\"https:\/\/masdors.ch\/wp-content\/uploads\/2020\/09\/Masdors_Logo-01x.png\",\"width\":223,\"height\":63,\"caption\":\"Masdors - Cuisines ext\u00e9rieurs\"},\"image\":{\"@id\":\"https:\/\/masdors.ch\/#\/schema\/logo\/image\/\"}}]}<\/script>\n<!-- \/ Yoast SEO plugin. -->","yoast_head_json":{"title":"Heizschublade - Masdors - Cuisines ext\u00e9rieurs","robots":{"index":"index","follow":"follow","max-snippet":"max-snippet:-1","max-image-preview":"max-image-preview:large","max-video-preview":"max-video-preview:-1"},"canonical":"https:\/\/masdors.ch\/index.php\/produit\/schublade-heizung-2\/","og_locale":"fr_FR","og_type":"article","og_title":"Heizschublade - Masdors - Cuisines ext\u00e9rieurs","og_description":"Artikelnummer: 53830-SW-SC","og_url":"https:\/\/masdors.ch\/index.php\/produit\/schublade-heizung-2\/?lang=de","og_site_name":"Masdors - Cuisines ext\u00e9rieurs","article_modified_time":"2020-12-21T15:59:30+00:00","og_image":[{"width":1281,"height":834,"url":"https:\/\/masdors.ch\/wp-content\/uploads\/2020\/12\/Tiroir-chauffant-53830-SW-SC.jpg","type":"image\/jpeg"}],"twitter_card":"summary_large_image","twitter_misc":{"Dur\u00e9e de lecture estim\u00e9e":"1 minute"},"schema":{"@context":"https:\/\/schema.org","@graph":[{"@type":"WebPage","@id":"https:\/\/masdors.ch\/index.php\/produit\/schublade-heizung-2\/?lang=de","url":"https:\/\/masdors.ch\/index.php\/produit\/schublade-heizung-2\/?lang=de","name":"Heizschublade - Masdors - Cuisines ext\u00e9rieurs","isPartOf":{"@id":"https:\/\/masdors.ch\/#website"},"datePublished":"2020-12-21T15:59:27+00:00","dateModified":"2020-12-21T15:59:30+00:00","breadcrumb":{"@id":"https:\/\/masdors.ch\/index.php\/produit\/schublade-heizung-2\/?lang=de#breadcrumb"},"inLanguage":"fr-FR","potentialAction":[{"@type":"ReadAction","target":["https:\/\/masdors.ch\/index.php\/produit\/schublade-heizung-2\/?lang=de"]}]},{"@type":"BreadcrumbList","@id":"https:\/\/masdors.ch\/index.php\/produit\/schublade-heizung-2\/?lang=de#breadcrumb","itemListElement":[{"@type":"ListItem","position":1,"name":"Home","item":"https:\/\/masdors.ch\/"},{"@type":"ListItem","position":2,"name":"Produits","item":"https:\/\/masdors.ch\/index.php\/shop\/"},{"@type":"ListItem","position":3,"name":"Heizschublade"}]},{"@type":"WebSite","@id":"https:\/\/masdors.ch\/#website","url":"https:\/\/masdors.ch\/","name":"Masdors - Cuisines ext\u00e9rieurs","description":"","publisher":{"@id":"https:\/\/masdors.ch\/#organization"},"potentialAction":[{"@type":"SearchAction","target":{"@type":"EntryPoint","urlTemplate":"https:\/\/masdors.ch\/?s={search_term_string}"},"query-input":"required name=search_term_string"}],"inLanguage":"fr-FR"},{"@type":"Organization","@id":"https:\/\/masdors.ch\/#organization","name":"Masdors - Cuisines ext\u00e9rieurs","url":"https:\/\/masdors.ch\/","logo":{"@type":"ImageObject","inLanguage":"fr-FR","@id":"https:\/\/masdors.ch\/#\/schema\/logo\/image\/","url":"https:\/\/masdors.ch\/wp-content\/uploads\/2020\/09\/Masdors_Logo-01x.png","contentUrl":"https:\/\/masdors.ch\/wp-content\/uploads\/2020\/09\/Masdors_Logo-01x.png","width":223,"height":63,"caption":"Masdors - Cuisines ext\u00e9rieurs"},"image":{"@id":"https:\/\/masdors.ch\/#\/schema\/logo\/image\/"}}]}},"_links":{"self":[{"href":"https:\/\/masdors.ch\/index.php\/wp-json\/wp\/v2\/product\/9138"}],"collection":[{"href":"https:\/\/masdors.ch\/index.php\/wp-json\/wp\/v2\/product"}],"about":[{"href":"https:\/\/masdors.ch\/index.php\/wp-json\/wp\/v2\/types\/product"}],"wp:featuredmedia":[{"embeddable":true,"href":"https:\/\/masdors.ch\/index.php\/wp-json\/wp\/v2\/media\/7576"}],"wp:attachment":[{"href":"https:\/\/masdors.ch\/index.php\/wp-json\/wp\/v2\/media?parent=9138"}],"wp:term":[{"taxonomy":"product_cat","embeddable":true,"href":"https:\/\/masdors.ch\/index.php\/wp-json\/wp\/v2\/product_cat?post=9138"},{"taxonomy":"product_tag","embeddable":true,"href":"https:\/\/masdors.ch\/index.php\/wp-json\/wp\/v2\/product_tag?post=9138"}],"curies":[{"name":"wp","href":"https:\/\/api.w.org\/{rel}","templated":true}]}}